{"id":5391,"date":"2021-04-01T10:10:20","date_gmt":"2021-04-01T13:10:20","guid":{"rendered":"http:\/\/mecarq.com\/?page_id=5391"},"modified":"2023-12-26T15:40:24","modified_gmt":"2023-12-26T18:40:24","slug":"inicio","status":"publish","type":"page","link":"https:\/\/mecarq.com\/en\/","title":{"rendered":"Home"},"content":{"rendered":"<div id=\"home-img-ppal\" data-qodef-anchor=\"home-mecarq\" class=\"vc_row wpb_row vc_row-fluid img-ppal vc_custom_1617370788219 vc_row-has-fill vc_row-o-content-middle vc_row-flex qodef-content-aligment-center\" ><div class=\"wpb_column vc_column_container vc_col-sm-12\"><div class=\"vc_column-inner\"><div class=\"wpb_wrapper\"><div class=\"qodef-single-image-holder   qodef-image-behavior-zoom\">\n    <div class=\"qodef-si-inner\" >\n                                    <img loading=\"lazy\" decoding=\"async\" width=\"332\" height=\"454\" src=\"https:\/\/mecarq.com\/wp-content\/uploads\/2021\/04\/LOGO-BLANCO-home.png\" class=\"attachment-full size-full\" alt=\"\" srcset=\"https:\/\/mecarq.com\/wp-content\/uploads\/2021\/04\/LOGO-BLANCO-home.png 332w, https:\/\/mecarq.com\/wp-content\/uploads\/2021\/04\/LOGO-BLANCO-home-219x300.png 219w\" sizes=\"auto, (max-width: 332px) 100vw, 332px\" \/>                        <\/div>\n<\/div><\/div><\/div><\/div><\/div><div id=\"home-portfolio\" class=\"vc_row wpb_row vc_row-fluid\" ><div class=\"portfolio-row wpb_column vc_column_container vc_col-sm-12\"><div class=\"vc_column-inner\"><div class=\"wpb_wrapper\">\n\t<div class=\"wpb_text_column wpb_content_element\" >\n\t\t<div class=\"wpb_wrapper\">\n\t\t\t<div class=\"column-portfolio-home portfolio-home-1\"><a href=\"https:\/\/mecarq.com\/en\/proyectos\/\"><img decoding=\"async\" style=\"width: 100%;\" src=\"http:\/\/mecarq.com\/wp-content\/uploads\/2021\/04\/meca_portfolio-home_torre-mataderos_700x972.jpg\" \/><\/a><\/div>\n<div class=\"column-portfolio-home portfolio-home-2\"><a href=\"https:\/\/mecarq.com\/en\/proyectos\/\"><img decoding=\"async\" style=\"width: 100%;\" src=\"http:\/\/mecarq.com\/wp-content\/uploads\/2021\/04\/meca_portfolio-home_viviendas-urquiza-patio_700x972.jpg\" \/><\/a><\/div>\n<div class=\"column-portfolio-home portfolio-home-3\"><a href=\"https:\/\/mecarq.com\/en\/proyectos\/\"><img decoding=\"async\" style=\"width: 100%;\" src=\"http:\/\/mecarq.com\/wp-content\/uploads\/2021\/04\/meca_portfolio-home_proyecto3_700x972.jpg\" \/><\/a><\/div>\n<div class=\"column-portfolio-home portfolio-home-4\"><a href=\"https:\/\/mecarq.com\/en\/proyectos\/\"><img decoding=\"async\" style=\"width: 100%;\" src=\"http:\/\/mecarq.com\/wp-content\/uploads\/2021\/04\/meca_portfolio-home_imagen4_700x972.jpg\" \/><\/a><\/div>\n<div class=\"column-portfolio-home portfolio-home-5\"><a href=\"https:\/\/mecarq.com\/en\/proyectos\/\"><img decoding=\"async\" style=\"width: 100%;\" src=\"http:\/\/mecarq.com\/wp-content\/uploads\/2021\/04\/meca_portfolio-home_habitats-emergentes_700x972.jpg\" \/><\/a><\/div>\n\n\t\t<\/div>\n\t<\/div>\n<\/div><\/div><\/div><\/div><div id=\"meca-service\" data-vc-parallax=\"2\" data-vc-parallax-image=\"https:\/\/mecarq.com\/wp-content\/uploads\/2018\/11\/mecarq_portfolio-torre-mataderos-1.jpg\" data-qodef-anchor=\"home-servicios\" class=\"vc_row wpb_row vc_row-fluid paralex meca-service vc_custom_1703615987172 vc_row-has-fill vc_row-o-full-height vc_row-o-columns-middle vc_row-o-equal-height vc_row-o-content-middle vc_row-flex vc_general vc_parallax vc_parallax-content-moving qodef-content-aligment-center\" ><div class=\"servicios-meca wpb_column vc_column_container vc_col-sm-6 vc_col-has-fill\"><div class=\"vc_column-inner vc_custom_1700660880312\"><div class=\"wpb_wrapper\"><div class=\"vc_row wpb_row vc_inner vc_row-fluid vc_custom_1700677793166\" ><div class=\"texto-servicios-home wpb_column vc_column_container vc_col-sm-12\"><div class=\"vc_column-inner vc_custom_1700666553172\"><div class=\"wpb_wrapper\">\n\t<div class=\"wpb_text_column wpb_content_element  vc_custom_1701826990446\" >\n\t\t<div class=\"wpb_wrapper\">\n\t\t\t<div class=\"meca-service-home\">\n<p class=\" translation-block\">At MECA, we stand out as an international <strong><em>construction management and BIM services firm<\/em><\/strong> . Our global team is committed to <em><strong>delivering architectural and engineering solutions<\/strong><\/em> that are both <em><strong>creative and sustainable<\/strong><\/em>, combining innovation and viability. Technology, especially BIM, is our catalyst to revolutionize architectural and engineering design.<\/p>\n<p class=\" translation-block\">Our approach to each project is comprehensive and collaborative. We focus on delivering  <em> <strong>high-quality, efficient and reliable solutions<\/strong> <\/em> that not only meet the expectations of our international clients, but also <em><strong> promote sustainable and responsible urban development<\/strong><\/em>.<\/p>\n<p>We are always up to date with emerging technological trends, with special emphasis on BIM, which allows us to offer our international clients cutting-edge, effective and sustainable solutions.<\/p>\n<p>We recognize the commercial importance of our projects and are dedicated to delivering solutions that exceed design and construction expectations, while driving our clients' global business objectives.<\/p>\n<\/div>\n<p style=\"text-align: right;\"><a class=\"link-proyectos\" href=\"https:\/\/mecarq.com\/en\/proyectos\/\">see our projects<\/a><\/p>\n\n\t\t<\/div>\n\t<\/div>\n<\/div><\/div><\/div><\/div><div class=\"vc_row wpb_row vc_inner vc_row-fluid servicios-meca-listado-home\" ><div class=\"wpb_column vc_column_container vc_col-sm-4\"><div class=\"vc_column-inner\"><div class=\"wpb_wrapper\">\n\t<div class=\"wpb_text_column wpb_content_element  vc_custom_1700668180104\" >\n\t\t<div class=\"wpb_wrapper\">\n\t\t\t<h4 class=\"servicios-titulos\" style=\"color: white; text-align: center; margin-bottom: 25px;\">PROJECT<\/h4>\n<p style=\"color: white;\">basic design<br \/>\nConstruction Drawings<br \/>\nstructural Project<br \/>\ninfraestructura urbana<br \/>\nMEP project<\/p>\n\n\t\t<\/div>\n\t<\/div>\n<\/div><\/div><\/div><div class=\"wpb_column vc_column_container vc_col-sm-4\"><div class=\"vc_column-inner\"><div class=\"wpb_wrapper\">\n\t<div class=\"wpb_text_column wpb_content_element  vc_custom_1701827113634\" >\n\t\t<div class=\"wpb_wrapper\">\n\t\t\t<h4 style=\"color: white; text-align: center; margin-bottom: 25px;\"><span style=\"color: #ffffff;\">DOCUMENTATION<\/span><\/h4>\n<p style=\"text-align: center; color: white;\"><span style=\"color: #ffffff;\">Executive documentation<\/span><br \/>\n<span style=\"color: #ffffff;\">Approvals<\/span><br \/>\n<span style=\"color: #ffffff;\">MEP documentation<\/span><br \/>\n<span style=\"color: #ffffff;\">Details<\/span><br \/>\n<span style=\"color: #ffffff;\">Tender documentation<\/span><br \/>\n<span style=\"color: #ffffff;\">legal advice\u00a0<\/span><\/p>\n\n\t\t<\/div>\n\t<\/div>\n<\/div><\/div><\/div><div class=\"wpb_column vc_column_container vc_col-sm-4\"><div class=\"vc_column-inner\"><div class=\"wpb_wrapper\">\n\t<div class=\"wpb_text_column wpb_content_element  vc_custom_1701827124548\" >\n\t\t<div class=\"wpb_wrapper\">\n\t\t\t<h4 style=\"color: white; text-align: center; margin-bottom: 25px;\"><span style=\"color: #ffffff;\">CONSTRUCTION MANAGEMENT<\/span><\/h4>\n<p style=\"text-align: center; color: white;\"><span style=\"color: #ffffff;\">Technical direction<\/span><br \/>\n<span style=\"color: #ffffff;\">Scheduling<\/span><br \/>\n<span style=\"color: #ffffff;\">Progress monitoring<\/span><br \/>\n<span style=\"color: #ffffff;\">Logistics<\/span><br \/>\n<span style=\"color: #ffffff;\">Financial management<\/span><br \/>\n<span style=\"color: #ffffff;\">Control and certifications<\/span><\/p>\n\n\t\t<\/div>\n\t<\/div>\n<\/div><\/div><\/div><\/div><\/div><\/div><\/div><div class=\"meca-service-vacio wpb_column vc_column_container vc_col-sm-6\"><div class=\"vc_column-inner\"><div class=\"wpb_wrapper\"><\/div><\/div><\/div><\/div><div data-qodef-anchor=\"home-servicios-bim\" class=\"vc_row wpb_row vc_row-fluid paralex vc_custom_1603672422863 qodef-has-skewed-section-effect\" style=\"background-color:#ffffff\"><div class=\"meca-bim-logo-home wpb_column vc_column_container vc_col-sm-6\"><div class=\"vc_column-inner\"><div class=\"wpb_wrapper\">\n\t<div  class=\"wpb_single_image wpb_content_element vc_align_center\">\n\t\t\n\t\t<figure class=\"wpb_wrapper vc_figure\">\n\t\t\t<a href=\"https:\/\/mecarq.com\/en\/bim\/\" target=\"_self\" class=\"vc_single_image-wrapper   vc_box_border_grey\"><img loading=\"lazy\" decoding=\"async\" width=\"307\" height=\"527\" src=\"https:\/\/mecarq.com\/wp-content\/uploads\/2021\/04\/LOGO-VECTORES-BLANCO.png\" class=\"vc_single_image-img attachment-full\" alt=\"\" srcset=\"https:\/\/mecarq.com\/wp-content\/uploads\/2021\/04\/LOGO-VECTORES-BLANCO.png 307w, https:\/\/mecarq.com\/wp-content\/uploads\/2021\/04\/LOGO-VECTORES-BLANCO-175x300.png 175w\" sizes=\"auto, (max-width: 307px) 100vw, 307px\" \/><\/a>\n\t\t<\/figure>\n\t<\/div>\n<\/div><\/div><\/div><div class=\"meca-bim-service wpb_column vc_column_container vc_col-sm-6\"><div class=\"vc_column-inner\"><div class=\"wpb_wrapper\"><div class=\"qodef-row-grid-section-wrapper\" ><div class=\"qodef-row-grid-section\"><div class=\"vc_row wpb_row vc_inner vc_row-fluid\" ><div class=\"wpb_column vc_column_container vc_col-sm-12\"><div class=\"vc_column-inner\"><div class=\"wpb_wrapper\">\n\t<div class=\"wpb_text_column wpb_content_element\" >\n\t\t<div class=\"wpb_wrapper\">\n\t\t\t<div class=\"texto-bim-home\" style=\"color: #000;\">\n<div class=\"bim-textos-home\">\n<p>BIM is not the future, but the present in Architecture, Engineering and Construction. This methodology represents the comprehensive digital transformation of processes in design, construction and project and asset management.<\/p>\n<p>The BIM methodology involves the digital transformation of all processes linked to the project, construction and operation of physical assets. It consists of the collaboration of all actors in a single \u201cdigital twin\u201d with which information is exchanged in real time, reducing time and costs and enhancing the quantity and quality of project information.<\/p>\n<p>The adoption of BIM by government entities, architecture firms, construction companies, developers and educational institutions is essential for competitiveness in the global market.<\/p>\n<\/div>\n<\/div>\n\n\t\t<\/div>\n\t<\/div>\n<\/div><\/div><\/div><\/div><\/div><\/div><div class=\"vc_row wpb_row vc_inner vc_row-fluid meca-bim-servicios-listado\" ><div class=\"meca-bim-column-listado wpb_column vc_column_container vc_col-sm-4\"><div class=\"vc_column-inner\"><div class=\"wpb_wrapper\">\n\t<div class=\"wpb_text_column wpb_content_element\" >\n\t\t<div class=\"wpb_wrapper\">\n\t\t\t<h4 class=\"titulos-listado-meca\" style=\"text-align: center;\">IMPLEMENTATION<\/h4>\n<p class=\"puntos-servicios-bim\" style=\"text-align: center;\">advice<br \/>\nprocesses<br \/>\nstandardization<br \/>\nproduction of deliverables<br \/>\ncertification<\/p>\n\n\t\t<\/div>\n\t<\/div>\n<\/div><\/div><\/div><div class=\"meca-bim-column-listado wpb_column vc_column_container vc_col-sm-4\"><div class=\"vc_column-inner\"><div class=\"wpb_wrapper\">\n\t<div class=\"wpb_text_column wpb_content_element\" >\n\t\t<div class=\"wpb_wrapper\">\n\t\t\t<h4 class=\"titulos-listado-meca\" style=\"text-align: center;\">TRAINING<\/h4>\n<p class=\"puntos-servicios-bim\" style=\"text-align: center;\">\u00abBIM training\u00bb<br \/>\nMEP training<br \/>\npersonalized training<\/p>\n\n\t\t<\/div>\n\t<\/div>\n<\/div><\/div><\/div><div class=\"meca-bim-column-listado wpb_column vc_column_container vc_col-sm-4\"><div class=\"vc_column-inner\"><div class=\"wpb_wrapper\">\n\t<div class=\"wpb_text_column wpb_content_element\" >\n\t\t<div class=\"wpb_wrapper\">\n\t\t\t<h4 class=\"titulos-listado-meca\" style=\"text-align: center;\">CONSULTANCY<\/h4>\n<p class=\"puntos-servicios-bim\" style=\"text-align: center;\">equipment assembly<br \/>\ntalent accquisition<br \/>\nworkflows<\/p>\n\n\t\t<\/div>\n\t<\/div>\n<\/div><\/div><\/div><\/div><\/div><\/div><\/div><\/div>","protected":false},"excerpt":{"rendered":"En MECA, nos destacamos como una firma internacional de gesti\u00f3n de construcci\u00f3n y servicios BIM. Nuestro equipo global est\u00e1 comprometido en ofrecer soluciones de arquitectura e ingenier\u00eda que son a la vez creativas y sostenibles, combinando innovaci\u00f3n y viabilidad. La [...]","protected":false},"author":1,"featured_media":0,"parent":0,"menu_order":0,"comment_status":"closed","ping_status":"closed","template":"full-width.php","meta":{"footnotes":""},"class_list":["post-5391","page","type-page","status-publish","hentry"],"yoast_head":"<!-- This site is optimized with the Yoast SEO plugin v27.3 - https:\/\/yoast.com\/product\/yoast-seo-wordpress\/ -->\n<title>Home &#8211; MECA | Arquitectura + BIM<\/title>\n<meta name=\"description\" content=\"ARQUITECTURA + BIM. Somos un equipo de proyectistas orientados a la provisi\u00f3n de soluciones arquitect\u00f3nicas creativas, innovadoras, realistas y sustentables. Metodolog\u00eda BIM vinculada al proyecto, la construcci\u00f3n y la operaci\u00f3n de activos f\u00edsicos.\" \/>\n<meta name=\"robots\" content=\"index, follow, max-snippet:-1, max-image-preview:large, max-video-preview:-1\" \/>\n<link rel=\"canonical\" href=\"https:\/\/mecarq.com\/en\/\" \/>\n<meta property=\"og:locale\" content=\"en_GB\" \/>\n<meta property=\"og:type\" content=\"article\" \/>\n<meta property=\"og:title\" content=\"Home &#8211; MECA | Arquitectura + BIM\" \/>\n<meta property=\"og:description\" content=\"ARQUITECTURA + BIM. Somos un equipo de proyectistas orientados a la provisi\u00f3n de soluciones arquitect\u00f3nicas creativas, innovadoras, realistas y sustentables. Metodolog\u00eda BIM vinculada al proyecto, la construcci\u00f3n y la operaci\u00f3n de activos f\u00edsicos.\" \/>\n<meta property=\"og:url\" content=\"https:\/\/mecarq.com\/en\/\" \/>\n<meta property=\"og:site_name\" content=\"MECA | Arquitectura + BIM\" \/>\n<meta property=\"article:publisher\" content=\"https:\/\/www.facebook.com\/escueladerevit\/\" \/>\n<meta property=\"article:modified_time\" content=\"2023-12-26T18:40:24+00:00\" \/>\n<meta property=\"og:image\" content=\"http:\/\/mecarq.com\/wp-content\/uploads\/2021\/04\/meca_portfolio-home_torre-mataderos_700x972.jpg\" \/>\n<meta name=\"twitter:card\" content=\"summary_large_image\" \/>\n<meta name=\"twitter:label1\" content=\"Estimated reading time\" \/>\n\t<meta name=\"twitter:data1\" content=\"7 minutes\" \/>\n<script type=\"application\/ld+json\" class=\"yoast-schema-graph\">{\"@context\":\"https:\\\/\\\/schema.org\",\"@graph\":[{\"@type\":\"WebPage\",\"@id\":\"https:\\\/\\\/mecarq.com\\\/\",\"url\":\"https:\\\/\\\/mecarq.com\\\/\",\"name\":\"Home &#8211; MECA | Arquitectura + BIM\",\"isPartOf\":{\"@id\":\"https:\\\/\\\/mecarq.com\\\/#website\"},\"primaryImageOfPage\":{\"@id\":\"https:\\\/\\\/mecarq.com\\\/#primaryimage\"},\"image\":{\"@id\":\"https:\\\/\\\/mecarq.com\\\/#primaryimage\"},\"thumbnailUrl\":\"http:\\\/\\\/mecarq.com\\\/wp-content\\\/uploads\\\/2021\\\/04\\\/meca_portfolio-home_torre-mataderos_700x972.jpg\",\"datePublished\":\"2021-04-01T13:10:20+00:00\",\"dateModified\":\"2023-12-26T18:40:24+00:00\",\"description\":\"ARQUITECTURA + BIM. Somos un equipo de proyectistas orientados a la provisi\u00f3n de soluciones arquitect\u00f3nicas creativas, innovadoras, realistas y sustentables. Metodolog\u00eda BIM vinculada al proyecto, la construcci\u00f3n y la operaci\u00f3n de activos f\u00edsicos.\",\"breadcrumb\":{\"@id\":\"https:\\\/\\\/mecarq.com\\\/#breadcrumb\"},\"inLanguage\":\"en-GB\",\"potentialAction\":[{\"@type\":\"ReadAction\",\"target\":[\"https:\\\/\\\/mecarq.com\\\/\"]}]},{\"@type\":\"ImageObject\",\"inLanguage\":\"en-GB\",\"@id\":\"https:\\\/\\\/mecarq.com\\\/#primaryimage\",\"url\":\"http:\\\/\\\/mecarq.com\\\/wp-content\\\/uploads\\\/2021\\\/04\\\/meca_portfolio-home_torre-mataderos_700x972.jpg\",\"contentUrl\":\"http:\\\/\\\/mecarq.com\\\/wp-content\\\/uploads\\\/2021\\\/04\\\/meca_portfolio-home_torre-mataderos_700x972.jpg\"},{\"@type\":\"BreadcrumbList\",\"@id\":\"https:\\\/\\\/mecarq.com\\\/#breadcrumb\",\"itemListElement\":[{\"@type\":\"ListItem\",\"position\":1,\"name\":\"Inicio\",\"item\":\"https:\\\/\\\/mecarq.com\\\/\"},{\"@type\":\"ListItem\",\"position\":2,\"name\":\"Home\"}]},{\"@type\":\"WebSite\",\"@id\":\"https:\\\/\\\/mecarq.com\\\/#website\",\"url\":\"https:\\\/\\\/mecarq.com\\\/\",\"name\":\"MECA | Arquitectura + BIM\",\"description\":\"Arquitectura + BIM\",\"publisher\":{\"@id\":\"https:\\\/\\\/mecarq.com\\\/#organization\"},\"potentialAction\":[{\"@type\":\"SearchAction\",\"target\":{\"@type\":\"EntryPoint\",\"urlTemplate\":\"https:\\\/\\\/mecarq.com\\\/?s={search_term_string}\"},\"query-input\":{\"@type\":\"PropertyValueSpecification\",\"valueRequired\":true,\"valueName\":\"search_term_string\"}}],\"inLanguage\":\"en-GB\"},{\"@type\":\"Organization\",\"@id\":\"https:\\\/\\\/mecarq.com\\\/#organization\",\"name\":\"MECA > Arquitectura + BIM\",\"url\":\"https:\\\/\\\/mecarq.com\\\/\",\"logo\":{\"@type\":\"ImageObject\",\"inLanguage\":\"en-GB\",\"@id\":\"https:\\\/\\\/mecarq.com\\\/#\\\/schema\\\/logo\\\/image\\\/\",\"url\":\"http:\\\/\\\/mecarq.com\\\/wp-content\\\/uploads\\\/2021\\\/05\\\/LOGO-VECTORES-negro_276x400.png\",\"contentUrl\":\"http:\\\/\\\/mecarq.com\\\/wp-content\\\/uploads\\\/2021\\\/05\\\/LOGO-VECTORES-negro_276x400.png\",\"width\":276,\"height\":400,\"caption\":\"MECA > Arquitectura + BIM\"},\"image\":{\"@id\":\"https:\\\/\\\/mecarq.com\\\/#\\\/schema\\\/logo\\\/image\\\/\"},\"sameAs\":[\"https:\\\/\\\/www.facebook.com\\\/escueladerevit\\\/\",\"https:\\\/\\\/www.instagram.com\\\/meca.arquitectura\\\/\",\"https:\\\/\\\/ar.linkedin.com\\\/company\\\/mecarquitectura\"]}]}<\/script>\n<!-- \/ Yoast SEO plugin. -->","yoast_head_json":{"title":"Home &#8211; MECA | Arquitectura + BIM","description":"ARQUITECTURA + BIM. Somos un equipo de proyectistas orientados a la provisi\u00f3n de soluciones arquitect\u00f3nicas creativas, innovadoras, realistas y sustentables. Metodolog\u00eda BIM vinculada al proyecto, la construcci\u00f3n y la operaci\u00f3n de activos f\u00edsicos.","robots":{"index":"index","follow":"follow","max-snippet":"max-snippet:-1","max-image-preview":"max-image-preview:large","max-video-preview":"max-video-preview:-1"},"canonical":"https:\/\/mecarq.com\/en\/","og_locale":"en_GB","og_type":"article","og_title":"Home &#8211; MECA | Arquitectura + BIM","og_description":"ARQUITECTURA + BIM. Somos un equipo de proyectistas orientados a la provisi\u00f3n de soluciones arquitect\u00f3nicas creativas, innovadoras, realistas y sustentables. Metodolog\u00eda BIM vinculada al proyecto, la construcci\u00f3n y la operaci\u00f3n de activos f\u00edsicos.","og_url":"https:\/\/mecarq.com\/en\/","og_site_name":"MECA | Arquitectura + BIM","article_publisher":"https:\/\/www.facebook.com\/escueladerevit\/","article_modified_time":"2023-12-26T18:40:24+00:00","og_image":[{"url":"http:\/\/mecarq.com\/wp-content\/uploads\/2021\/04\/meca_portfolio-home_torre-mataderos_700x972.jpg","type":"","width":"","height":""}],"twitter_card":"summary_large_image","twitter_misc":{"Estimated reading time":"7 minutes"},"schema":{"@context":"https:\/\/schema.org","@graph":[{"@type":"WebPage","@id":"https:\/\/mecarq.com\/","url":"https:\/\/mecarq.com\/","name":"Home &#8211; MECA | Arquitectura + BIM","isPartOf":{"@id":"https:\/\/mecarq.com\/#website"},"primaryImageOfPage":{"@id":"https:\/\/mecarq.com\/#primaryimage"},"image":{"@id":"https:\/\/mecarq.com\/#primaryimage"},"thumbnailUrl":"http:\/\/mecarq.com\/wp-content\/uploads\/2021\/04\/meca_portfolio-home_torre-mataderos_700x972.jpg","datePublished":"2021-04-01T13:10:20+00:00","dateModified":"2023-12-26T18:40:24+00:00","description":"ARQUITECTURA + BIM. Somos un equipo de proyectistas orientados a la provisi\u00f3n de soluciones arquitect\u00f3nicas creativas, innovadoras, realistas y sustentables. Metodolog\u00eda BIM vinculada al proyecto, la construcci\u00f3n y la operaci\u00f3n de activos f\u00edsicos.","breadcrumb":{"@id":"https:\/\/mecarq.com\/#breadcrumb"},"inLanguage":"en-GB","potentialAction":[{"@type":"ReadAction","target":["https:\/\/mecarq.com\/"]}]},{"@type":"ImageObject","inLanguage":"en-GB","@id":"https:\/\/mecarq.com\/#primaryimage","url":"http:\/\/mecarq.com\/wp-content\/uploads\/2021\/04\/meca_portfolio-home_torre-mataderos_700x972.jpg","contentUrl":"http:\/\/mecarq.com\/wp-content\/uploads\/2021\/04\/meca_portfolio-home_torre-mataderos_700x972.jpg"},{"@type":"BreadcrumbList","@id":"https:\/\/mecarq.com\/#breadcrumb","itemListElement":[{"@type":"ListItem","position":1,"name":"Inicio","item":"https:\/\/mecarq.com\/"},{"@type":"ListItem","position":2,"name":"Home"}]},{"@type":"WebSite","@id":"https:\/\/mecarq.com\/#website","url":"https:\/\/mecarq.com\/","name":"MECA | Arquitectura + BIM","description":"Arquitectura + BIM","publisher":{"@id":"https:\/\/mecarq.com\/#organization"},"potentialAction":[{"@type":"SearchAction","target":{"@type":"EntryPoint","urlTemplate":"https:\/\/mecarq.com\/?s={search_term_string}"},"query-input":{"@type":"PropertyValueSpecification","valueRequired":true,"valueName":"search_term_string"}}],"inLanguage":"en-GB"},{"@type":"Organization","@id":"https:\/\/mecarq.com\/#organization","name":"MECA > Arquitectura + BIM","url":"https:\/\/mecarq.com\/","logo":{"@type":"ImageObject","inLanguage":"en-GB","@id":"https:\/\/mecarq.com\/#\/schema\/logo\/image\/","url":"http:\/\/mecarq.com\/wp-content\/uploads\/2021\/05\/LOGO-VECTORES-negro_276x400.png","contentUrl":"http:\/\/mecarq.com\/wp-content\/uploads\/2021\/05\/LOGO-VECTORES-negro_276x400.png","width":276,"height":400,"caption":"MECA > Arquitectura + BIM"},"image":{"@id":"https:\/\/mecarq.com\/#\/schema\/logo\/image\/"},"sameAs":["https:\/\/www.facebook.com\/escueladerevit\/","https:\/\/www.instagram.com\/meca.arquitectura\/","https:\/\/ar.linkedin.com\/company\/mecarquitectura"]}]}},"_links":{"self":[{"href":"https:\/\/mecarq.com\/en\/wp-json\/wp\/v2\/pages\/5391","targetHints":{"allow":["GET"]}}],"collection":[{"href":"https:\/\/mecarq.com\/en\/wp-json\/wp\/v2\/pages"}],"about":[{"href":"https:\/\/mecarq.com\/en\/wp-json\/wp\/v2\/types\/page"}],"author":[{"embeddable":true,"href":"https:\/\/mecarq.com\/en\/wp-json\/wp\/v2\/users\/1"}],"replies":[{"embeddable":true,"href":"https:\/\/mecarq.com\/en\/wp-json\/wp\/v2\/comments?post=5391"}],"version-history":[{"count":45,"href":"https:\/\/mecarq.com\/en\/wp-json\/wp\/v2\/pages\/5391\/revisions"}],"predecessor-version":[{"id":6185,"href":"https:\/\/mecarq.com\/en\/wp-json\/wp\/v2\/pages\/5391\/revisions\/6185"}],"wp:attachment":[{"href":"https:\/\/mecarq.com\/en\/wp-json\/wp\/v2\/media?parent=5391"}],"curies":[{"name":"wp","href":"https:\/\/api.w.org\/{rel}","templated":true}]}}