{"id":5793,"date":"2021-04-27T11:29:36","date_gmt":"2021-04-27T14:29:36","guid":{"rendered":"http:\/\/mecarq.com\/?page_id=5793"},"modified":"2023-11-23T22:17:37","modified_gmt":"2023-11-24T01:17:37","slug":"bim","status":"publish","type":"page","link":"https:\/\/mecarq.com\/en\/bim\/","title":{"rendered":"Meca BIM"},"content":{"rendered":"<div class=\"vc_row wpb_row vc_row-fluid row-logo-bim vc_custom_1647289650204 vc_row-has-fill vc_row-o-content-middle vc_row-flex\" ><div class=\"wpb_column vc_column_container vc_col-sm-12\"><div class=\"vc_column-inner\"><div class=\"wpb_wrapper\"><div class=\"qodef-single-image-holder\">\n    <div class=\"qodef-si-inner\" >\n                                    <img loading=\"lazy\" decoding=\"async\" width=\"307\" height=\"527\" src=\"https:\/\/mecarq.com\/wp-content\/uploads\/2021\/04\/LOGO-VECTORES-BLANCO.png\" class=\"attachment-full size-full\" alt=\"\" srcset=\"https:\/\/mecarq.com\/wp-content\/uploads\/2021\/04\/LOGO-VECTORES-BLANCO.png 307w, https:\/\/mecarq.com\/wp-content\/uploads\/2021\/04\/LOGO-VECTORES-BLANCO-175x300.png 175w\" sizes=\"auto, (max-width: 307px) 100vw, 307px\" \/>                        <\/div>\n<\/div><\/div><\/div><\/div><\/div><div class=\"vc_row wpb_row vc_row-fluid pruebas-light galeria-top vc_row-o-equal-height vc_row-flex\" ><div class=\"wpb_column vc_column_container vc_col-sm-12\"><div class=\"vc_column-inner\"><div class=\"wpb_wrapper\">\n\t<div class=\"wpb_text_column wpb_content_element\" >\n\t\t<div class=\"wpb_wrapper\">\n\t\t\t<div class=\"gallery\"><a class=\"bim-top-1\" href=\"http:\/\/mecarq.com\/wp-content\/uploads\/2022\/03\/meca-bim_detalles-06_large.jpg\" data-lightbox=\"mygallery\"><br \/>\n<img decoding=\"async\" src=\"http:\/\/mecarq.com\/wp-content\/uploads\/2022\/03\/meca-bim_detalles-06_thumb_700x972.jpg\" \/><br \/>\n<\/a><br \/>\n<a class=\"bim-top-2\" href=\"http:\/\/mecarq.com\/wp-content\/uploads\/2022\/03\/meca-bim_detalles-05_large.jpg\" data-lightbox=\"mygallery\"><br \/>\n<img decoding=\"async\" src=\"http:\/\/mecarq.com\/wp-content\/uploads\/2022\/03\/meca-bim_detalles-05_thumb_700x972.jpg\" \/><br \/>\n<\/a><br \/>\n<a class=\"bim-top-3\" href=\"http:\/\/mecarq.com\/wp-content\/uploads\/2022\/03\/meca-bim_detalles-gif_large.gif\" data-lightbox=\"mygallery\"><br \/>\n<img decoding=\"async\" src=\"http:\/\/mecarq.com\/wp-content\/uploads\/2022\/03\/meca-bim_detalles-gif_thumb_700x916.gif\" \/><br \/>\n<\/a><br \/>\n<a class=\"bim-top-4\" href=\"http:\/\/mecarq.com\/wp-content\/uploads\/2022\/03\/meca-bim_detalles-10_large.jpg\" data-lightbox=\"mygallery\"><br \/>\n<img decoding=\"async\" src=\"http:\/\/mecarq.com\/wp-content\/uploads\/2022\/03\/meca-bim_detalles-10_thumb_700x972.jpg\" \/><br \/>\n<\/a><\/div>\n\n\t\t<\/div>\n\t<\/div>\n<\/div><\/div><\/div><\/div><div id=\"meca-bim-section\" data-vc-parallax=\"2\" data-vc-parallax-image=\"https:\/\/mecarq.com\/wp-content\/uploads\/2022\/03\/8.jpg\" data-qodef-anchor=\"home-servicios\" class=\"vc_row wpb_row vc_row-fluid paralex meca-service vc_custom_1647277703688 vc_row-has-fill vc_row-o-full-height vc_row-o-columns-middle vc_row-o-equal-height vc_row-o-content-middle vc_row-flex vc_general vc_parallax vc_parallax-content-moving qodef-content-aligment-center\" ><div class=\"meca-intro-bim wpb_column vc_column_container vc_col-sm-6 vc_col-has-fill\"><div class=\"vc_column-inner vc_custom_1647277890944\"><div class=\"wpb_wrapper\"><div class=\"vc_row wpb_row vc_inner vc_row-fluid\" ><div class=\"texto-servicios-home wpb_column vc_column_container vc_col-sm-12\"><div class=\"vc_column-inner vc_custom_1606579385199\"><div class=\"wpb_wrapper\">\n\t<div class=\"wpb_text_column wpb_content_element  vc_custom_1647554912157\" >\n\t\t<div class=\"wpb_wrapper\">\n\t\t\t<div class=\"meca-service-home\">\n<p class=\"destacado-bim\"><b>BIM is not the future, but the present of the AEC industry.<\/b><\/p>\n<p><span class=\"texto-bim-section\" style=\"font-weight: 400;\">BIM methodology involves the digital transformation of all the processes linked to the project, construction and operation of physical assets. It consists in the collaboration of all the actors in a single digital twin within which information is exchanged in real time, reducing time and costs and enhancing the quantity and quality of project information.<\/span><\/p>\n<\/div>\n\n\t\t<\/div>\n\t<\/div>\n<\/div><\/div><\/div><\/div><\/div><\/div><\/div><div class=\"meca-service-vacio wpb_column vc_column_container vc_col-sm-6\"><div class=\"vc_column-inner\"><div class=\"wpb_wrapper\"><\/div><\/div><\/div><\/div><div id=\"segunda-row-bim\" class=\"vc_row wpb_row vc_row-fluid vc_row-o-equal-height vc_row-o-content-middle vc_row-flex\" ><div class=\"wpb_column vc_column_container vc_col-sm-12\"><div class=\"vc_column-inner\"><div class=\"wpb_wrapper\"><div class=\"vc_row wpb_row vc_inner vc_row-fluid vc_row-o-content-middle vc_row-flex\" ><div class=\"gif-bkg wpb_column vc_column_container vc_col-sm-6 vc_col-has-fill\"><div class=\"vc_column-inner vc_custom_1647279351377\"><div class=\"wpb_wrapper\"><\/div><\/div><\/div><div class=\"texto-segunda wpb_column vc_column_container vc_col-sm-6\"><div class=\"vc_column-inner\"><div class=\"wpb_wrapper\">\n\t<div class=\"wpb_text_column wpb_content_element\" >\n\t\t<div class=\"wpb_wrapper\">\n\t\t\t<p style=\"text-align: left;\"><span class=\"texto-bim-section\" style=\"font-weight: 400;\">MECA offers the widest and most flexible range of services related to BIM. We have vast experience in <\/span><i><span class=\"texto-bim-section\" style=\"font-weight: 400;\">outsourcing<\/span><\/i><span class=\"texto-bim-section\" style=\"font-weight: 400;\"> at any stage of the project. Our professionals are certified in the use of the latest BIM tools and work with the most advanced standards and protocols.<\/span><\/p>\n<p class=\"destacado-bim\" style=\"text-align: left;\"><b class=\"\">We focus on the quality of processes and deliverables.<\/b><\/p>\n\n\t\t<\/div>\n\t<\/div>\n<div class=\"vc_btn3-container  btn-bim vc_btn3-center\" ><a class=\"vc_general vc_btn3 vc_btn3-size-md vc_btn3-shape-rounded vc_btn3-style-modern vc_btn3-color-grey\" href=\"#mecarq-footer-contacto\" title=\"\">Contact us!<\/a><\/div><\/div><\/div><\/div><\/div><\/div><\/div><\/div><\/div><div class=\"vc_row wpb_row vc_row-fluid pruebas-light vc_row-o-equal-height vc_row-flex\" ><div class=\"wpb_column vc_column_container vc_col-sm-12\"><div class=\"vc_column-inner\"><div class=\"wpb_wrapper\"><div class=\"vc_row wpb_row vc_inner vc_row-fluid row-columnas-bim\" ><div class=\"wpb_column vc_column_container vc_col-sm-12\"><div class=\"vc_column-inner vc_custom_1647870115136\"><div class=\"wpb_wrapper\">\n\t<div class=\"wpb_text_column wpb_content_element\" >\n\t\t<div class=\"wpb_wrapper\">\n\t\t\t<p><b class=\"texto-bim-section\">We develop and manage BIM models<\/b><span class=\"texto-bim-section\" style=\"font-weight: 400;\"> for all project disciplines and levels of information. We assist front-line clients in the sketch, feasibility analysis, bidding, project and construction stages using BIM methodology, helping them obtain the greatest quantity and quality of information on time.<\/span><\/p>\n<p><b class=\"texto-bim-section\">We digitalize existing facilities <\/b><span class=\"texto-bim-section\" style=\"font-weight: 400;\">for their operation and maintenance, providing our clients with reliable information on the status of their assets in real time. We develop monitoring systems and dashboards to track assets in all industry sectors.<\/span><\/p>\n<p><b class=\"texto-bim-section\">We offer our clients the possibility of fully outsourcing the digitization of their projects and assets,<\/b><span class=\"texto-bim-section\" style=\"font-weight: 400;\"> helping them to achieve the BIM standards currently required by the market. We also work with them adapting to their processes and methodologies, enhancing their technical desk in case of work peaks.<\/span><\/p>\n\n\t\t<\/div>\n\t<\/div>\n<\/div><\/div><\/div><\/div>\n\t<div class=\"wpb_text_column wpb_content_element  galeria-bottom\" >\n\t\t<div class=\"wpb_wrapper\">\n\t\t\t<div class=\"gallery\"><a class=\"bim-bottom-1\" href=\"http:\/\/mecarq.com\/wp-content\/uploads\/2022\/03\/meca-bim_detalles-01_large.jpg\" data-lightbox=\"mygallery\"><br \/>\n<img decoding=\"async\" src=\"http:\/\/mecarq.com\/wp-content\/uploads\/2022\/03\/meca-bim_detalles-01_thumb_700x972.jpg\" \/><br \/>\n<\/a><br \/>\n<a class=\"bim-bottom-2\" href=\"http:\/\/mecarq.com\/wp-content\/uploads\/2022\/03\/meca-bim_detalles-11_large.jpg\" data-lightbox=\"mygallery\"><br \/>\n<img decoding=\"async\" src=\"http:\/\/mecarq.com\/wp-content\/uploads\/2022\/03\/meca-bim_detalles-11_thumb_700x972.jpg\" \/><br \/>\n<\/a><\/div>\n\n\t\t<\/div>\n\t<\/div>\n<div class=\"vc_btn3-container  btn-bim vc_btn3-center\" ><a class=\"vc_general vc_btn3 vc_btn3-size-md vc_btn3-shape-rounded vc_btn3-style-modern vc_btn3-color-grey\" href=\"#mecarq-footer-contacto\" title=\"\">Contact us!<\/a><\/div><\/div><\/div><\/div><\/div>","protected":false},"excerpt":{"rendered":"BIM no es el futuro, sino el presente de la industria AEC. La metodolog\u00eda BIM implica la transformaci\u00f3n digital de todos los procesos vinculados al proyecto, la construcci\u00f3n y la operaci\u00f3n de activos f\u00edsicos. Consiste en la colaboraci\u00f3n de todos [...]","protected":false},"author":1,"featured_media":0,"parent":0,"menu_order":0,"comment_status":"closed","ping_status":"closed","template":"full-width.php","meta":{"footnotes":""},"class_list":["post-5793","page","type-page","status-publish","hentry"],"yoast_head":"<!-- This site is optimized with the Yoast SEO plugin v27.3 - https:\/\/yoast.com\/product\/yoast-seo-wordpress\/ -->\n<title>Meca BIM &#8211; MECA | Arquitectura + BIM<\/title>\n<meta name=\"description\" content=\"ARQUITECTURA + BIM. Somos un equipo de proyectistas orientados a la provisi\u00f3n de soluciones arquitect\u00f3nicas creativas, innovadoras, realistas y sustentables. Metodolog\u00eda BIM vinculada al proyecto, la construcci\u00f3n y la operaci\u00f3n de activos f\u00edsicos.\" \/>\n<meta name=\"robots\" content=\"index, follow, max-snippet:-1, max-image-preview:large, max-video-preview:-1\" \/>\n<link rel=\"canonical\" href=\"https:\/\/mecarq.com\/en\/bim\/\" \/>\n<meta property=\"og:locale\" content=\"en_GB\" \/>\n<meta property=\"og:type\" content=\"article\" \/>\n<meta property=\"og:title\" content=\"Meca BIM &#8211; MECA | Arquitectura + BIM\" \/>\n<meta property=\"og:description\" content=\"ARQUITECTURA + BIM. Somos un equipo de proyectistas orientados a la provisi\u00f3n de soluciones arquitect\u00f3nicas creativas, innovadoras, realistas y sustentables. Metodolog\u00eda BIM vinculada al proyecto, la construcci\u00f3n y la operaci\u00f3n de activos f\u00edsicos.\" \/>\n<meta property=\"og:url\" content=\"https:\/\/mecarq.com\/en\/bim\/\" \/>\n<meta property=\"og:site_name\" content=\"MECA | Arquitectura + BIM\" \/>\n<meta property=\"article:publisher\" content=\"https:\/\/www.facebook.com\/escueladerevit\/\" \/>\n<meta property=\"article:modified_time\" content=\"2023-11-24T01:17:37+00:00\" \/>\n<meta property=\"og:image\" content=\"http:\/\/mecarq.com\/wp-content\/uploads\/2022\/03\/meca-bim_detalles-06_thumb_700x972.jpg\" \/>\n<meta name=\"twitter:card\" content=\"summary_large_image\" \/>\n<meta name=\"twitter:label1\" content=\"Estimated reading time\" \/>\n\t<meta name=\"twitter:data1\" content=\"6 minutes\" \/>\n<script type=\"application\/ld+json\" class=\"yoast-schema-graph\">{\"@context\":\"https:\\\/\\\/schema.org\",\"@graph\":[{\"@type\":\"WebPage\",\"@id\":\"https:\\\/\\\/mecarq.com\\\/bim\\\/\",\"url\":\"https:\\\/\\\/mecarq.com\\\/bim\\\/\",\"name\":\"Meca BIM &#8211; MECA | Arquitectura + BIM\",\"isPartOf\":{\"@id\":\"https:\\\/\\\/mecarq.com\\\/#website\"},\"primaryImageOfPage\":{\"@id\":\"https:\\\/\\\/mecarq.com\\\/bim\\\/#primaryimage\"},\"image\":{\"@id\":\"https:\\\/\\\/mecarq.com\\\/bim\\\/#primaryimage\"},\"thumbnailUrl\":\"http:\\\/\\\/mecarq.com\\\/wp-content\\\/uploads\\\/2022\\\/03\\\/meca-bim_detalles-06_thumb_700x972.jpg\",\"datePublished\":\"2021-04-27T14:29:36+00:00\",\"dateModified\":\"2023-11-24T01:17:37+00:00\",\"description\":\"ARQUITECTURA + BIM. Somos un equipo de proyectistas orientados a la provisi\u00f3n de soluciones arquitect\u00f3nicas creativas, innovadoras, realistas y sustentables. Metodolog\u00eda BIM vinculada al proyecto, la construcci\u00f3n y la operaci\u00f3n de activos f\u00edsicos.\",\"breadcrumb\":{\"@id\":\"https:\\\/\\\/mecarq.com\\\/bim\\\/#breadcrumb\"},\"inLanguage\":\"en-GB\",\"potentialAction\":[{\"@type\":\"ReadAction\",\"target\":[\"https:\\\/\\\/mecarq.com\\\/bim\\\/\"]}]},{\"@type\":\"ImageObject\",\"inLanguage\":\"en-GB\",\"@id\":\"https:\\\/\\\/mecarq.com\\\/bim\\\/#primaryimage\",\"url\":\"http:\\\/\\\/mecarq.com\\\/wp-content\\\/uploads\\\/2022\\\/03\\\/meca-bim_detalles-06_thumb_700x972.jpg\",\"contentUrl\":\"http:\\\/\\\/mecarq.com\\\/wp-content\\\/uploads\\\/2022\\\/03\\\/meca-bim_detalles-06_thumb_700x972.jpg\"},{\"@type\":\"BreadcrumbList\",\"@id\":\"https:\\\/\\\/mecarq.com\\\/bim\\\/#breadcrumb\",\"itemListElement\":[{\"@type\":\"ListItem\",\"position\":1,\"name\":\"Inicio\",\"item\":\"https:\\\/\\\/mecarq.com\\\/\"},{\"@type\":\"ListItem\",\"position\":2,\"name\":\"Meca BIM\"}]},{\"@type\":\"WebSite\",\"@id\":\"https:\\\/\\\/mecarq.com\\\/#website\",\"url\":\"https:\\\/\\\/mecarq.com\\\/\",\"name\":\"MECA | Arquitectura + BIM\",\"description\":\"Arquitectura + BIM\",\"publisher\":{\"@id\":\"https:\\\/\\\/mecarq.com\\\/#organization\"},\"potentialAction\":[{\"@type\":\"SearchAction\",\"target\":{\"@type\":\"EntryPoint\",\"urlTemplate\":\"https:\\\/\\\/mecarq.com\\\/?s={search_term_string}\"},\"query-input\":{\"@type\":\"PropertyValueSpecification\",\"valueRequired\":true,\"valueName\":\"search_term_string\"}}],\"inLanguage\":\"en-GB\"},{\"@type\":\"Organization\",\"@id\":\"https:\\\/\\\/mecarq.com\\\/#organization\",\"name\":\"MECA > Arquitectura + BIM\",\"url\":\"https:\\\/\\\/mecarq.com\\\/\",\"logo\":{\"@type\":\"ImageObject\",\"inLanguage\":\"en-GB\",\"@id\":\"https:\\\/\\\/mecarq.com\\\/#\\\/schema\\\/logo\\\/image\\\/\",\"url\":\"http:\\\/\\\/mecarq.com\\\/wp-content\\\/uploads\\\/2021\\\/05\\\/LOGO-VECTORES-negro_276x400.png\",\"contentUrl\":\"http:\\\/\\\/mecarq.com\\\/wp-content\\\/uploads\\\/2021\\\/05\\\/LOGO-VECTORES-negro_276x400.png\",\"width\":276,\"height\":400,\"caption\":\"MECA > Arquitectura + BIM\"},\"image\":{\"@id\":\"https:\\\/\\\/mecarq.com\\\/#\\\/schema\\\/logo\\\/image\\\/\"},\"sameAs\":[\"https:\\\/\\\/www.facebook.com\\\/escueladerevit\\\/\",\"https:\\\/\\\/www.instagram.com\\\/meca.arquitectura\\\/\",\"https:\\\/\\\/ar.linkedin.com\\\/company\\\/mecarquitectura\"]}]}<\/script>\n<!-- \/ Yoast SEO plugin. -->","yoast_head_json":{"title":"Meca BIM &#8211; MECA | Arquitectura + BIM","description":"ARQUITECTURA + BIM. Somos un equipo de proyectistas orientados a la provisi\u00f3n de soluciones arquitect\u00f3nicas creativas, innovadoras, realistas y sustentables. Metodolog\u00eda BIM vinculada al proyecto, la construcci\u00f3n y la operaci\u00f3n de activos f\u00edsicos.","robots":{"index":"index","follow":"follow","max-snippet":"max-snippet:-1","max-image-preview":"max-image-preview:large","max-video-preview":"max-video-preview:-1"},"canonical":"https:\/\/mecarq.com\/en\/bim\/","og_locale":"en_GB","og_type":"article","og_title":"Meca BIM &#8211; MECA | Arquitectura + BIM","og_description":"ARQUITECTURA + BIM. Somos un equipo de proyectistas orientados a la provisi\u00f3n de soluciones arquitect\u00f3nicas creativas, innovadoras, realistas y sustentables. Metodolog\u00eda BIM vinculada al proyecto, la construcci\u00f3n y la operaci\u00f3n de activos f\u00edsicos.","og_url":"https:\/\/mecarq.com\/en\/bim\/","og_site_name":"MECA | Arquitectura + BIM","article_publisher":"https:\/\/www.facebook.com\/escueladerevit\/","article_modified_time":"2023-11-24T01:17:37+00:00","og_image":[{"url":"http:\/\/mecarq.com\/wp-content\/uploads\/2022\/03\/meca-bim_detalles-06_thumb_700x972.jpg","type":"","width":"","height":""}],"twitter_card":"summary_large_image","twitter_misc":{"Estimated reading time":"6 minutes"},"schema":{"@context":"https:\/\/schema.org","@graph":[{"@type":"WebPage","@id":"https:\/\/mecarq.com\/bim\/","url":"https:\/\/mecarq.com\/bim\/","name":"Meca BIM &#8211; MECA | Arquitectura + BIM","isPartOf":{"@id":"https:\/\/mecarq.com\/#website"},"primaryImageOfPage":{"@id":"https:\/\/mecarq.com\/bim\/#primaryimage"},"image":{"@id":"https:\/\/mecarq.com\/bim\/#primaryimage"},"thumbnailUrl":"http:\/\/mecarq.com\/wp-content\/uploads\/2022\/03\/meca-bim_detalles-06_thumb_700x972.jpg","datePublished":"2021-04-27T14:29:36+00:00","dateModified":"2023-11-24T01:17:37+00:00","description":"ARQUITECTURA + BIM. Somos un equipo de proyectistas orientados a la provisi\u00f3n de soluciones arquitect\u00f3nicas creativas, innovadoras, realistas y sustentables. Metodolog\u00eda BIM vinculada al proyecto, la construcci\u00f3n y la operaci\u00f3n de activos f\u00edsicos.","breadcrumb":{"@id":"https:\/\/mecarq.com\/bim\/#breadcrumb"},"inLanguage":"en-GB","potentialAction":[{"@type":"ReadAction","target":["https:\/\/mecarq.com\/bim\/"]}]},{"@type":"ImageObject","inLanguage":"en-GB","@id":"https:\/\/mecarq.com\/bim\/#primaryimage","url":"http:\/\/mecarq.com\/wp-content\/uploads\/2022\/03\/meca-bim_detalles-06_thumb_700x972.jpg","contentUrl":"http:\/\/mecarq.com\/wp-content\/uploads\/2022\/03\/meca-bim_detalles-06_thumb_700x972.jpg"},{"@type":"BreadcrumbList","@id":"https:\/\/mecarq.com\/bim\/#breadcrumb","itemListElement":[{"@type":"ListItem","position":1,"name":"Inicio","item":"https:\/\/mecarq.com\/"},{"@type":"ListItem","position":2,"name":"Meca BIM"}]},{"@type":"WebSite","@id":"https:\/\/mecarq.com\/#website","url":"https:\/\/mecarq.com\/","name":"MECA | Arquitectura + BIM","description":"Arquitectura + BIM","publisher":{"@id":"https:\/\/mecarq.com\/#organization"},"potentialAction":[{"@type":"SearchAction","target":{"@type":"EntryPoint","urlTemplate":"https:\/\/mecarq.com\/?s={search_term_string}"},"query-input":{"@type":"PropertyValueSpecification","valueRequired":true,"valueName":"search_term_string"}}],"inLanguage":"en-GB"},{"@type":"Organization","@id":"https:\/\/mecarq.com\/#organization","name":"MECA > Arquitectura + BIM","url":"https:\/\/mecarq.com\/","logo":{"@type":"ImageObject","inLanguage":"en-GB","@id":"https:\/\/mecarq.com\/#\/schema\/logo\/image\/","url":"http:\/\/mecarq.com\/wp-content\/uploads\/2021\/05\/LOGO-VECTORES-negro_276x400.png","contentUrl":"http:\/\/mecarq.com\/wp-content\/uploads\/2021\/05\/LOGO-VECTORES-negro_276x400.png","width":276,"height":400,"caption":"MECA > Arquitectura + BIM"},"image":{"@id":"https:\/\/mecarq.com\/#\/schema\/logo\/image\/"},"sameAs":["https:\/\/www.facebook.com\/escueladerevit\/","https:\/\/www.instagram.com\/meca.arquitectura\/","https:\/\/ar.linkedin.com\/company\/mecarquitectura"]}]}},"_links":{"self":[{"href":"https:\/\/mecarq.com\/en\/wp-json\/wp\/v2\/pages\/5793","targetHints":{"allow":["GET"]}}],"collection":[{"href":"https:\/\/mecarq.com\/en\/wp-json\/wp\/v2\/pages"}],"about":[{"href":"https:\/\/mecarq.com\/en\/wp-json\/wp\/v2\/types\/page"}],"author":[{"embeddable":true,"href":"https:\/\/mecarq.com\/en\/wp-json\/wp\/v2\/users\/1"}],"replies":[{"embeddable":true,"href":"https:\/\/mecarq.com\/en\/wp-json\/wp\/v2\/comments?post=5793"}],"version-history":[{"count":38,"href":"https:\/\/mecarq.com\/en\/wp-json\/wp\/v2\/pages\/5793\/revisions"}],"predecessor-version":[{"id":6084,"href":"https:\/\/mecarq.com\/en\/wp-json\/wp\/v2\/pages\/5793\/revisions\/6084"}],"wp:attachment":[{"href":"https:\/\/mecarq.com\/en\/wp-json\/wp\/v2\/media?parent=5793"}],"curies":[{"name":"wp","href":"https:\/\/api.w.org\/{rel}","templated":true}]}}